{"id":127,"date":"2023-09-09T11:35:38","date_gmt":"2023-09-09T11:35:38","guid":{"rendered":"https:\/\/www.dermadoc.at\/2023\/?page_id=127"},"modified":"2023-09-10T16:21:38","modified_gmt":"2023-09-10T16:21:38","slug":"impressum","status":"publish","type":"page","link":"https:\/\/www.dermadoc.at\/2023\/impressum\/","title":{"rendered":"Impressum"},"content":{"rendered":"\t\t<div data-elementor-type=\"wp-page\" data-elementor-id=\"127\" class=\"elementor elementor-127\">\n\t\t\t\t\t\t<section class=\"elementor-section elementor-top-section elementor-element elementor-element-600c3c02 elementor-section-full_width elementor-section-height-default elementor-section-height-default\" data-id=\"600c3c02\" data-element_type=\"section\" data-e-type=\"section\" data-settings=\"{&quot;background_background&quot;:&quot;classic&quot;}\">\n\t\t\t\t\t\t<div class=\"elementor-container elementor-column-gap-default\">\n\t\t\t\t\t<div class=\"elementor-column elementor-col-100 elementor-top-column elementor-element elementor-element-7f001b17\" data-id=\"7f001b17\" data-element_type=\"column\" data-e-type=\"column\">\n\t\t\t<div class=\"elementor-widget-wrap elementor-element-populated\">\n\t\t\t\t\t\t<div class=\"elementor-element elementor-element-6f94884c elementor-widget elementor-widget-heading\" data-id=\"6f94884c\" data-element_type=\"widget\" data-e-type=\"widget\" data-widget_type=\"heading.default\">\n\t\t\t\t<div class=\"elementor-widget-container\">\n\t\t\t\t\t<h2 class=\"elementor-heading-title elementor-size-default\">Dermadoc<\/h2>\t\t\t\t<\/div>\n\t\t\t\t<\/div>\n\t\t\t\t\t<\/div>\n\t\t<\/div>\n\t\t\t\t\t<\/div>\n\t\t<\/section>\n\t\t\t\t<section class=\"elementor-section elementor-top-section elementor-element elementor-element-d19f6c2 elementor-section-boxed elementor-section-height-default elementor-section-height-default\" data-id=\"d19f6c2\" data-element_type=\"section\" data-e-type=\"section\">\n\t\t\t\t\t\t<div class=\"elementor-container elementor-column-gap-default\">\n\t\t\t\t\t<div class=\"elementor-column elementor-col-100 elementor-top-column elementor-element elementor-element-aa941d7\" data-id=\"aa941d7\" data-element_type=\"column\" data-e-type=\"column\">\n\t\t\t<div class=\"elementor-widget-wrap elementor-element-populated\">\n\t\t\t\t\t\t<div class=\"elementor-element elementor-element-ca4cb91 elementor-widget elementor-widget-text-editor\" data-id=\"ca4cb91\" data-element_type=\"widget\" data-e-type=\"widget\" data-widget_type=\"text-editor.default\">\n\t\t\t\t<div class=\"elementor-widget-container\">\n\t\t\t\t\t\t\t\t\t<p><a href=\"https:\/\/www.dermadoc.at\/2023\/\">&lt; zur\u00fcck zur Homepage<\/a><\/p>\t\t\t\t\t\t\t\t<\/div>\n\t\t\t\t<\/div>\n\t\t\t\t\t<\/div>\n\t\t<\/div>\n\t\t\t\t\t<\/div>\n\t\t<\/section>\n\t\t\t\t<section class=\"elementor-section elementor-top-section elementor-element elementor-element-82a6cf9 elementor-section-boxed elementor-section-height-default elementor-section-height-default\" data-id=\"82a6cf9\" data-element_type=\"section\" data-e-type=\"section\">\n\t\t\t\t\t\t<div class=\"elementor-container elementor-column-gap-default\">\n\t\t\t\t\t<div class=\"elementor-column elementor-col-66 elementor-top-column elementor-element elementor-element-addef33\" data-id=\"addef33\" data-element_type=\"column\" data-e-type=\"column\">\n\t\t\t<div class=\"elementor-widget-wrap elementor-element-populated\">\n\t\t\t\t\t\t<div class=\"elementor-element elementor-element-8b06b2c elementor-widget elementor-widget-heading\" data-id=\"8b06b2c\" data-element_type=\"widget\" data-e-type=\"widget\" data-widget_type=\"heading.default\">\n\t\t\t\t<div class=\"elementor-widget-container\">\n\t\t\t\t\t<h2 class=\"elementor-heading-title elementor-size-default\">Impressum<\/h2>\t\t\t\t<\/div>\n\t\t\t\t<\/div>\n\t\t\t\t<div class=\"elementor-element elementor-element-f485ec5 elementor-widget elementor-widget-text-editor\" data-id=\"f485ec5\" data-element_type=\"widget\" data-e-type=\"widget\" data-widget_type=\"text-editor.default\">\n\t\t\t\t<div class=\"elementor-widget-container\">\n\t\t\t\t\t\t\t\t\t<p style=\"font-weight: 400;\">Information gem\u00e4\u00df \u00a7 5 E-Commerce-Gesetz und<br \/>Offenlegung gem\u00e4\u00df \u00a7 25 Mediengesetz:<\/p><p style=\"font-weight: 400;\">Dienste-Anbieter und Medieninhaber: Dr. Jakob Schnedl<br \/>Schallergasse 37\/1-4, 1120 Wien<br \/>Telefon: 01 \/ 890 35 70, Fax DW 70<br \/>e-mail:\u00a0<a href=\"mailto:office@dermadoc.at\">office@dermadoc.at<\/a><br \/>Homepage:\u00a0<a href=\"https:\/\/www.dermadoc.at\/\">https:\/\/www.dermadoc.at<\/a><\/p><p style=\"font-weight: 400;\">Mitglied der\u00a0<a href=\"http:\/\/www.aekwien.at\/\">\u00c4rztekammer f\u00fcr Wien<\/a><br \/>Berufsbezeichnung: Facharzt f\u00fcr Haut- und Geschlechtskrankheiten<br \/>(verliehen in \u00d6sterreich)<\/p><p style=\"font-weight: 400;\">T\u00e4tigkeit unterliegt dem \u00c4rztegesetz 1998\u00a0<a href=\"http:\/\/www.ris.bka.gv.at\/bundesrecht\/\">(http:\/\/www.ris.bka.gv.at\/bundesrecht)<\/a><\/p><p style=\"font-weight: 400;\">F\u00fcr Inhalte verlinkter Seiten sind ausschlie\u00dflich deren Betreiber verantwortlich.<\/p>\t\t\t\t\t\t\t\t<\/div>\n\t\t\t\t<\/div>\n\t\t\t\t\t<\/div>\n\t\t<\/div>\n\t\t\t\t<div class=\"elementor-column elementor-col-33 elementor-top-column elementor-element elementor-element-20bb949\" data-id=\"20bb949\" data-element_type=\"column\" data-e-type=\"column\">\n\t\t\t<div class=\"elementor-widget-wrap\">\n\t\t\t\t\t\t\t<\/div>\n\t\t<\/div>\n\t\t\t\t\t<\/div>\n\t\t<\/section>\n\t\t\t\t<\/div>\n\t\t","protected":false},"excerpt":{"rendered":"<p>Dermadoc &lt; zur\u00fcck zur Homepage Impressum Information gem\u00e4\u00df \u00a7 5 E-Commerce-Gesetz undOffenlegung gem\u00e4\u00df \u00a7 25 Mediengesetz: Dienste-Anbieter und Medieninhaber: Dr. Jakob SchnedlSchallergasse 37\/1-4, 1120 WienTelefon: 01 \/ 890 35 70, Fax DW 70e-mail:\u00a0office@dermadoc.atHomepage:\u00a0https:\/\/www.dermadoc.at Mitglied der\u00a0\u00c4rztekammer f\u00fcr WienBerufsbezeichnung: Facharzt f\u00fcr Haut- und Geschlechtskrankheiten(verliehen in \u00d6sterreich) T\u00e4tigkeit unterliegt dem \u00c4rztegesetz 1998\u00a0(http:\/\/www.ris.bka.gv.at\/bundesrecht) F\u00fcr Inhalte verlinkter Seiten sind ausschlie\u00dflich [&hellip;]<\/p>\n","protected":false},"author":1,"featured_media":0,"parent":0,"menu_order":0,"comment_status":"closed","ping_status":"closed","template":"","meta":{"footnotes":""},"class_list":["post-127","page","type-page","status-publish","hentry"],"_links":{"self":[{"href":"https:\/\/www.dermadoc.at\/2023\/wp-json\/wp\/v2\/pages\/127","targetHints":{"allow":["GET"]}}],"collection":[{"href":"https:\/\/www.dermadoc.at\/2023\/wp-json\/wp\/v2\/pages"}],"about":[{"href":"https:\/\/www.dermadoc.at\/2023\/wp-json\/wp\/v2\/types\/page"}],"author":[{"embeddable":true,"href":"https:\/\/www.dermadoc.at\/2023\/wp-json\/wp\/v2\/users\/1"}],"replies":[{"embeddable":true,"href":"https:\/\/www.dermadoc.at\/2023\/wp-json\/wp\/v2\/comments?post=127"}],"version-history":[{"count":22,"href":"https:\/\/www.dermadoc.at\/2023\/wp-json\/wp\/v2\/pages\/127\/revisions"}],"predecessor-version":[{"id":237,"href":"https:\/\/www.dermadoc.at\/2023\/wp-json\/wp\/v2\/pages\/127\/revisions\/237"}],"wp:attachment":[{"href":"https:\/\/www.dermadoc.at\/2023\/wp-json\/wp\/v2\/media?parent=127"}],"curies":[{"name":"wp","href":"https:\/\/api.w.org\/{rel}","templated":true}]}}